{"id":92,"date":"2023-07-03T12:57:54","date_gmt":"2023-07-03T12:57:54","guid":{"rendered":"http:\/\/www.exklusiver-kloeppelschmuck.de\/wrdprss\/?page_id=92"},"modified":"2024-04-03T09:40:54","modified_gmt":"2024-04-03T09:40:54","slug":"koerbe-mit-holzboden","status":"publish","type":"page","link":"https:\/\/www.elashaekeltraeume.de\/wrdprss\/koerbe-mit-holzboden\/","title":{"rendered":"K\u00f6rbe mit Holzboden"},"content":{"rendered":"\n<p>Die sch\u00f6nen K\u00f6rbchen mit stabilem Holzboden k\u00f6nnen als Dekok\u00f6rbchen, Brotkorb oder zur Aufbewahrung verwendet werden und sind in jedem Fall ein Hingucker in deiner Wohnung. Die Maserung des Holzbodens ist unterschiedlich und macht jedes K\u00f6rbchen zum Unikat.<\/p>\n\n\n\n<p>Die K\u00f6rbchen sind m\u00f6glich in rund, herzf\u00f6rmig, sternenf\u00f6rmig oder eif\u00f6rmig (auch mit Pr\u00e4gung). Und nat\u00fcrlich in unterschiedlichen Gr\u00f6\u00dfen.<\/p>\n\n\n\n<p>Die K\u00f6rbchen werden aus 5mm recycelter Baumwollkordel von Bobbiny geh\u00e4kelt.<br>Der Boden ist aus Birkenholz.<\/p>\n\n\n\n<div class=\"wp-block-columns is-layout-flex wp-container-4\">\n<div class=\"wp-block-column is-layout-flow\">\n<figure class=\"wp-block-image size-thumbnail\"><a href=\"https:\/\/www.elashaekeltraeume.de\/wrdprss\/wp-content\/uploads\/2023\/07\/IMG_9045-scaled-1-e1688982272146.jpg\" target=\"_blank\" rel=\"noreferrer noopener\"><img decoding=\"async\" loading=\"lazy\" width=\"150\" height=\"150\" src=\"https:\/\/www.elashaekeltraeume.de\/wrdprss\/wp-content\/uploads\/2023\/07\/IMG_9045-scaled-1-e1688982272146-150x150.jpg\" alt=\"\" class=\"wp-image-93\"\/><\/a><\/figure>\n<\/div>\n\n\n\n<div class=\"wp-block-column is-layout-flow\">\n<figure class=\"wp-block-image size-thumbnail\"><a href=\"https:\/\/www.elashaekeltraeume.de\/wrdprss\/wp-content\/uploads\/2024\/04\/IMG_9048-scaled-e1712136239238.jpg\" target=\"_blank\" rel=\"noreferrer noopener\"><img decoding=\"async\" loading=\"lazy\" width=\"150\" height=\"150\" src=\"https:\/\/www.elashaekeltraeume.de\/wrdprss\/wp-content\/uploads\/2024\/04\/IMG_9048-scaled-e1712136239238-150x150.jpg\" alt=\"\" class=\"wp-image-323\"\/><\/a><\/figure>\n<\/div>\n\n\n\n<div class=\"wp-block-column is-layout-flow\">\n<figure class=\"wp-block-image size-thumbnail\"><a href=\"https:\/\/www.elashaekeltraeume.de\/wrdprss\/wp-content\/uploads\/2024\/04\/IMG_9052-scaled-e1712136252130.jpg\" target=\"_blank\" rel=\"noreferrer noopener\"><img decoding=\"async\" loading=\"lazy\" width=\"150\" height=\"150\" src=\"https:\/\/www.elashaekeltraeume.de\/wrdprss\/wp-content\/uploads\/2024\/04\/IMG_9052-scaled-e1712136252130-150x150.jpg\" alt=\"\" class=\"wp-image-324\"\/><\/a><\/figure>\n<\/div>\n<\/div>\n\n\n\n<div class=\"wp-block-columns is-layout-flex wp-container-8\">\n<div class=\"wp-block-column is-layout-flow\">\n<figure class=\"wp-block-image size-thumbnail\"><a href=\"https:\/\/www.elashaekeltraeume.de\/wrdprss\/wp-content\/uploads\/2024\/04\/IMG_0454-scaled.jpg\" target=\"_blank\" rel=\"noreferrer noopener\"><img decoding=\"async\" loading=\"lazy\" width=\"150\" height=\"150\" src=\"https:\/\/www.elashaekeltraeume.de\/wrdprss\/wp-content\/uploads\/2024\/04\/IMG_0454-150x150.jpg\" alt=\"\" class=\"wp-image-302\"\/><\/a><\/figure>\n<\/div>\n\n\n\n<div class=\"wp-block-column is-layout-flow\">\n<figure class=\"wp-block-image size-thumbnail\"><a href=\"https:\/\/www.elashaekeltraeume.de\/wrdprss\/wp-content\/uploads\/2024\/04\/IMG_0459-scaled.jpg\" target=\"_blank\" rel=\"noreferrer noopener\"><img decoding=\"async\" loading=\"lazy\" width=\"150\" height=\"150\" src=\"https:\/\/www.elashaekeltraeume.de\/wrdprss\/wp-content\/uploads\/2024\/04\/IMG_0459-150x150.jpg\" alt=\"\" class=\"wp-image-304\"\/><\/a><\/figure>\n<\/div>\n\n\n\n<div class=\"wp-block-column is-layout-flow\">\n<figure class=\"wp-block-image size-thumbnail\"><a href=\"https:\/\/www.elashaekeltraeume.de\/wrdprss\/wp-content\/uploads\/2024\/04\/IMG_0458-scaled.jpg\" target=\"_blank\" rel=\"noreferrer noopener\"><img decoding=\"async\" loading=\"lazy\" width=\"150\" height=\"150\" src=\"https:\/\/www.elashaekeltraeume.de\/wrdprss\/wp-content\/uploads\/2024\/04\/IMG_0458-150x150.jpg\" alt=\"\" class=\"wp-image-303\"\/><\/a><\/figure>\n<\/div>\n<\/div>\n\n\n\n<div class=\"wp-block-columns is-layout-flex wp-container-12\">\n<div class=\"wp-block-column is-layout-flow\">\n<figure class=\"wp-block-image size-thumbnail\"><a href=\"https:\/\/www.elashaekeltraeume.de\/wrdprss\/wp-content\/uploads\/2024\/04\/IMG_0405-scaled-e1712136050868.jpg\" target=\"_blank\" rel=\"noreferrer noopener\"><img decoding=\"async\" loading=\"lazy\" width=\"150\" height=\"150\" src=\"https:\/\/www.elashaekeltraeume.de\/wrdprss\/wp-content\/uploads\/2024\/04\/IMG_0405-scaled-e1712136050868-150x150.jpg\" alt=\"\" class=\"wp-image-319\"\/><\/a><\/figure>\n<\/div>\n\n\n\n<div class=\"wp-block-column is-layout-flow\">\n<figure class=\"wp-block-image size-thumbnail\"><a href=\"https:\/\/www.elashaekeltraeume.de\/wrdprss\/wp-content\/uploads\/2024\/04\/IMG_0450-scaled-e1712136106752.jpg\" target=\"_blank\" rel=\"noreferrer noopener\"><img decoding=\"async\" loading=\"lazy\" width=\"150\" height=\"150\" src=\"https:\/\/www.elashaekeltraeume.de\/wrdprss\/wp-content\/uploads\/2024\/04\/IMG_0450-scaled-e1712136106752-150x150.jpg\" alt=\"\" class=\"wp-image-321\"\/><\/a><\/figure>\n<\/div>\n\n\n\n<div class=\"wp-block-column is-layout-flow\">\n<figure class=\"wp-block-image size-thumbnail\"><a href=\"https:\/\/www.elashaekeltraeume.de\/wrdprss\/wp-content\/uploads\/2024\/04\/IMG_0854-scaled-e1712136161121.jpg\" target=\"_blank\" rel=\"noreferrer noopener\"><img decoding=\"async\" loading=\"lazy\" width=\"150\" height=\"150\" src=\"https:\/\/www.elashaekeltraeume.de\/wrdprss\/wp-content\/uploads\/2024\/04\/IMG_0854-scaled-e1712136161121-150x150.jpg\" alt=\"\" class=\"wp-image-322\"\/><\/a><\/figure>\n<\/div>\n<\/div>\n\n\n\n<div class=\"wp-block-columns is-layout-flex wp-container-16\">\n<div class=\"wp-block-column is-layout-flow\">\n<figure class=\"wp-block-image size-thumbnail\"><a href=\"https:\/\/www.elashaekeltraeume.de\/wrdprss\/wp-content\/uploads\/2024\/04\/IMG_1047-scaled.jpg\" target=\"_blank\" rel=\"noreferrer noopener\"><img decoding=\"async\" loading=\"lazy\" width=\"150\" height=\"150\" src=\"https:\/\/www.elashaekeltraeume.de\/wrdprss\/wp-content\/uploads\/2024\/04\/IMG_1047-150x150.jpg\" alt=\"\" class=\"wp-image-298\"\/><\/a><\/figure>\n<\/div>\n\n\n\n<div class=\"wp-block-column is-layout-flow\">\n<figure class=\"wp-block-image size-thumbnail\"><a href=\"https:\/\/www.elashaekeltraeume.de\/wrdprss\/wp-content\/uploads\/2024\/04\/IMG_1051-scaled.jpg\" target=\"_blank\" rel=\"noreferrer noopener\"><img decoding=\"async\" loading=\"lazy\" width=\"150\" height=\"150\" src=\"https:\/\/www.elashaekeltraeume.de\/wrdprss\/wp-content\/uploads\/2024\/04\/IMG_1051-150x150.jpg\" alt=\"\" class=\"wp-image-300\"\/><\/a><\/figure>\n<\/div>\n\n\n\n<div class=\"wp-block-column is-layout-flow\">\n<figure class=\"wp-block-image size-thumbnail\"><a href=\"https:\/\/www.elashaekeltraeume.de\/wrdprss\/wp-content\/uploads\/2024\/04\/IMG_1055-scaled.jpg\" target=\"_blank\" rel=\"noreferrer noopener\"><img decoding=\"async\" loading=\"lazy\" width=\"150\" height=\"150\" src=\"https:\/\/www.elashaekeltraeume.de\/wrdprss\/wp-content\/uploads\/2024\/04\/IMG_1055-150x150.jpg\" alt=\"\" class=\"wp-image-301\"\/><\/a><\/figure>\n<\/div>\n<\/div>\n","protected":false},"excerpt":{"rendered":"<p>Die sch\u00f6nen K\u00f6rbchen mit stabilem Holzboden k\u00f6nnen als Dekok\u00f6rbchen, Brotkorb oder zur Aufbewahrung verwendet werden und sind in jedem Fall ein Hingucker in deiner Wohnung. Die Maserung des Holzbodens ist unterschiedlich und macht jedes K\u00f6rbchen zum Unikat. Die K\u00f6rbchen sind m\u00f6glich in rund, herzf\u00f6rmig, sternenf\u00f6rmig oder eif\u00f6rmig (auch mit Pr\u00e4gung). Und nat\u00fcrlich in unterschiedlichen Gr\u00f6\u00dfen.<\/p>\n<div class=\"more-link\">\n             <a href=\"https:\/\/www.elashaekeltraeume.de\/wrdprss\/koerbe-mit-holzboden\/\" class=\"link-btn\"><span>Weiterlesen <\/span><i class=\"icofont-thin-double-right\"><\/i><\/a>\n        <\/div>\n","protected":false},"author":1,"featured_media":0,"parent":0,"menu_order":0,"comment_status":"closed","ping_status":"closed","template":"","meta":[],"_links":{"self":[{"href":"https:\/\/www.elashaekeltraeume.de\/wrdprss\/wp-json\/wp\/v2\/pages\/92"}],"collection":[{"href":"https:\/\/www.elashaekeltraeume.de\/wrdprss\/wp-json\/wp\/v2\/pages"}],"about":[{"href":"https:\/\/www.elashaekeltraeume.de\/wrdprss\/wp-json\/wp\/v2\/types\/page"}],"author":[{"embeddable":true,"href":"https:\/\/www.elashaekeltraeume.de\/wrdprss\/wp-json\/wp\/v2\/users\/1"}],"replies":[{"embeddable":true,"href":"https:\/\/www.elashaekeltraeume.de\/wrdprss\/wp-json\/wp\/v2\/comments?post=92"}],"version-history":[{"count":6,"href":"https:\/\/www.elashaekeltraeume.de\/wrdprss\/wp-json\/wp\/v2\/pages\/92\/revisions"}],"predecessor-version":[{"id":334,"href":"https:\/\/www.elashaekeltraeume.de\/wrdprss\/wp-json\/wp\/v2\/pages\/92\/revisions\/334"}],"wp:attachment":[{"href":"https:\/\/www.elashaekeltraeume.de\/wrdprss\/wp-json\/wp\/v2\/media?parent=92"}],"curies":[{"name":"wp","href":"https:\/\/api.w.org\/{rel}","templated":true}]}}