{"id":83,"date":"2023-07-03T12:46:39","date_gmt":"2023-07-03T12:46:39","guid":{"rendered":"http:\/\/www.exklusiver-kloeppelschmuck.de\/wrdprss\/?page_id=83"},"modified":"2023-07-10T09:58:28","modified_gmt":"2023-07-10T09:58:28","slug":"xxl-koerbe","status":"publish","type":"page","link":"https:\/\/www.elashaekeltraeume.de\/wrdprss\/xxl-koerbe\/","title":{"rendered":"XXL-K\u00f6rbe"},"content":{"rendered":"\n<p>Diese sch\u00f6nen XXL H\u00e4kelk\u00f6rbe mit Henkeln werden aus recycelter Baumwollkordel 9mm von Bobbiny gearbeitet.<br>Sie eignen sich zum Verstauen von W\u00e4sche, Spielzeug, Kissen usw.<br>Die grob geh\u00e4kelten Aufbewahrungsk\u00f6rbe sind sehr stabil und robust und durch die Henkel aus Rindsleder auch mobil.<\/p>\n\n\n\n<p>Es gibt sie in 3 Gr\u00f6\u00dfen:<br>Durchmesser 40 cm ,H\u00f6he 37 cm mit Henkel<br>Durchmesser 40 cm, H\u00f6he 30 cm mit Henkel<br>Durchmesser 28 cm, H\u00f6he 26 cm mit oder ohne Henkel<\/p>\n\n\n\n<div class=\"wp-block-columns is-layout-flex wp-container-4\">\n<div class=\"wp-block-column is-layout-flow\">\n<figure class=\"wp-block-image size-thumbnail\"><a href=\"https:\/\/www.elashaekeltraeume.de\/wrdprss\/wp-content\/uploads\/2023\/07\/IMG_8892-scaled-1-e1688923271888.jpg\" target=\"_blank\" rel=\"noreferrer noopener\"><img decoding=\"async\" loading=\"lazy\" width=\"150\" height=\"150\" src=\"https:\/\/www.elashaekeltraeume.de\/wrdprss\/wp-content\/uploads\/2023\/07\/IMG_8892-scaled-1-e1688923271888-150x150.jpg\" alt=\"\" class=\"wp-image-181\"\/><\/a><\/figure>\n<\/div>\n\n\n\n<div class=\"wp-block-column is-layout-flow\">\n<figure class=\"wp-block-image size-thumbnail\"><a href=\"https:\/\/www.elashaekeltraeume.de\/wrdprss\/wp-content\/uploads\/2023\/07\/IMG_8642-1-scaled-1-e1688982190868.jpg\" target=\"_blank\" rel=\"noreferrer noopener\"><img decoding=\"async\" loading=\"lazy\" width=\"150\" height=\"150\" src=\"https:\/\/www.elashaekeltraeume.de\/wrdprss\/wp-content\/uploads\/2023\/07\/IMG_8642-1-scaled-1-e1688982190868-150x150.jpg\" alt=\"\" class=\"wp-image-35\"\/><\/a><\/figure>\n<\/div>\n\n\n\n<div class=\"wp-block-column is-layout-flow\">\n<figure class=\"wp-block-image size-thumbnail\"><a href=\"https:\/\/www.elashaekeltraeume.de\/wrdprss\/wp-content\/uploads\/2023\/07\/IMG_8345-scaled-e1688983049370.jpg\" target=\"_blank\" rel=\"noreferrer noopener\"><img decoding=\"async\" loading=\"lazy\" width=\"150\" height=\"150\" src=\"https:\/\/www.elashaekeltraeume.de\/wrdprss\/wp-content\/uploads\/2023\/07\/IMG_8345-scaled-e1688983049370-150x150.jpg\" alt=\"\" class=\"wp-image-248\"\/><\/a><\/figure>\n<\/div>\n<\/div>\n","protected":false},"excerpt":{"rendered":"<p>Diese sch\u00f6nen XXL H\u00e4kelk\u00f6rbe mit Henkeln werden aus recycelter Baumwollkordel 9mm von Bobbiny gearbeitet.Sie eignen sich zum Verstauen von W\u00e4sche, Spielzeug, Kissen usw.Die grob geh\u00e4kelten Aufbewahrungsk\u00f6rbe sind sehr stabil und robust und durch die Henkel aus Rindsleder auch mobil. Es gibt sie in 3 Gr\u00f6\u00dfen:Durchmesser 40 cm ,H\u00f6he 37 cm mit HenkelDurchmesser 40 cm, H\u00f6he<\/p>\n<div class=\"more-link\">\n             <a href=\"https:\/\/www.elashaekeltraeume.de\/wrdprss\/xxl-koerbe\/\" class=\"link-btn\"><span>Weiterlesen <\/span><i class=\"icofont-thin-double-right\"><\/i><\/a>\n        <\/div>\n","protected":false},"author":1,"featured_media":0,"parent":0,"menu_order":0,"comment_status":"closed","ping_status":"closed","template":"","meta":[],"_links":{"self":[{"href":"https:\/\/www.elashaekeltraeume.de\/wrdprss\/wp-json\/wp\/v2\/pages\/83"}],"collection":[{"href":"https:\/\/www.elashaekeltraeume.de\/wrdprss\/wp-json\/wp\/v2\/pages"}],"about":[{"href":"https:\/\/www.elashaekeltraeume.de\/wrdprss\/wp-json\/wp\/v2\/types\/page"}],"author":[{"embeddable":true,"href":"https:\/\/www.elashaekeltraeume.de\/wrdprss\/wp-json\/wp\/v2\/users\/1"}],"replies":[{"embeddable":true,"href":"https:\/\/www.elashaekeltraeume.de\/wrdprss\/wp-json\/wp\/v2\/comments?post=83"}],"version-history":[{"count":4,"href":"https:\/\/www.elashaekeltraeume.de\/wrdprss\/wp-json\/wp\/v2\/pages\/83\/revisions"}],"predecessor-version":[{"id":251,"href":"https:\/\/www.elashaekeltraeume.de\/wrdprss\/wp-json\/wp\/v2\/pages\/83\/revisions\/251"}],"wp:attachment":[{"href":"https:\/\/www.elashaekeltraeume.de\/wrdprss\/wp-json\/wp\/v2\/media?parent=83"}],"curies":[{"name":"wp","href":"https:\/\/api.w.org\/{rel}","templated":true}]}}