{"id":73,"date":"2023-07-03T12:18:37","date_gmt":"2023-07-03T12:18:37","guid":{"rendered":"http:\/\/www.exklusiver-kloeppelschmuck.de\/wrdprss\/?page_id=73"},"modified":"2023-07-03T12:18:37","modified_gmt":"2023-07-03T12:18:37","slug":"ueber-mich-2","status":"publish","type":"page","link":"https:\/\/www.elashaekeltraeume.de\/wrdprss\/ueber-mich-2\/","title":{"rendered":"\u00dcber mich"},"content":{"rendered":"\n<p><strong>H\u00e4keln &#8211; eine Leidenschaft<\/strong><\/p>\n\n\n\n<p>Mein Name ist Michaela und ich wohne im Osten von M\u00fcnchen.  H\u00e4keln habe ich schon in meiner Kindheit gelernt, es ist aber viele Jahre nicht mehr zum Einsatz gekommen. Seit ich f\u00fcr die Schult\u00fcten meiner Kinder jeweils ein s\u00fc\u00dfes Amigurumi h\u00e4keln musste, hat es mich nicht mehr losgelassen. <\/p>\n\n\n\n<p>Meine verschiedenen Amigurumis findet ihr unter der Rubrik &#8222;sonstige H\u00e4kelsachen&#8220;. <\/p>\n\n\n\n<p>Nachdem viele s\u00fc\u00dfe Tierchen unser zu Hause schm\u00fcckten, habe ich mich nun auf das H\u00e4keln sch\u00f6ner Heimdekoration verlegt. <\/p>\n\n\n\n<p>Alle Sachen findet ihr unter der Rubrik &#8222;Heimdekoration&#8220; und k\u00f6nnt sie \u00fcber meinen Etsy Shop erwerben.<\/p>\n\n\n\n<p>Die Heimdekoration wird aus recycelter Baumwollkordel von Bobbiny geh\u00e4kelt. Bobbiny Baumwollschnur wurde von OEKOTEX nach STANDARD 100 zugelassen (einschlie\u00dflich der Anforderungen an Baby-Artikel).<br>OEKO-TEX STANDARD 100 garantiert, dass das getestete und zertifizierte Garn keine Schadstoffe enth\u00e4lt, die eine Gefahr f\u00fcr die menschliche Gesundheit und die Umwelt darstellen.<br>Bobbiny Cotton Cord ist eine weiche, flexible und langlebige Schnur und au\u00dferdem waschbar.<\/p>\n","protected":false},"excerpt":{"rendered":"<p>H\u00e4keln &#8211; eine Leidenschaft Mein Name ist Michaela und ich wohne im Osten von M\u00fcnchen. H\u00e4keln habe ich schon in meiner Kindheit gelernt, es ist aber viele Jahre nicht mehr zum Einsatz gekommen. Seit ich f\u00fcr die Schult\u00fcten meiner Kinder jeweils ein s\u00fc\u00dfes Amigurumi h\u00e4keln musste, hat es mich nicht mehr losgelassen. Meine verschiedenen Amigurumis<\/p>\n<div class=\"more-link\">\n             <a href=\"https:\/\/www.elashaekeltraeume.de\/wrdprss\/ueber-mich-2\/\" class=\"link-btn\"><span>Weiterlesen <\/span><i class=\"icofont-thin-double-right\"><\/i><\/a>\n        <\/div>\n","protected":false},"author":1,"featured_media":0,"parent":0,"menu_order":0,"comment_status":"closed","ping_status":"closed","template":"","meta":[],"_links":{"self":[{"href":"https:\/\/www.elashaekeltraeume.de\/wrdprss\/wp-json\/wp\/v2\/pages\/73"}],"collection":[{"href":"https:\/\/www.elashaekeltraeume.de\/wrdprss\/wp-json\/wp\/v2\/pages"}],"about":[{"href":"https:\/\/www.elashaekeltraeume.de\/wrdprss\/wp-json\/wp\/v2\/types\/page"}],"author":[{"embeddable":true,"href":"https:\/\/www.elashaekeltraeume.de\/wrdprss\/wp-json\/wp\/v2\/users\/1"}],"replies":[{"embeddable":true,"href":"https:\/\/www.elashaekeltraeume.de\/wrdprss\/wp-json\/wp\/v2\/comments?post=73"}],"version-history":[{"count":0,"href":"https:\/\/www.elashaekeltraeume.de\/wrdprss\/wp-json\/wp\/v2\/pages\/73\/revisions"}],"wp:attachment":[{"href":"https:\/\/www.elashaekeltraeume.de\/wrdprss\/wp-json\/wp\/v2\/media?parent=73"}],"curies":[{"name":"wp","href":"https:\/\/api.w.org\/{rel}","templated":true}]}}