{"id":330,"date":"2024-04-03T09:34:50","date_gmt":"2024-04-03T09:34:50","guid":{"rendered":"https:\/\/www.elashaekeltraeume.de\/wrdprss\/?page_id=330"},"modified":"2024-04-03T09:44:24","modified_gmt":"2024-04-03T09:44:24","slug":"taschenbaumler-und-schluesselanhaenger","status":"publish","type":"page","link":"https:\/\/www.elashaekeltraeume.de\/wrdprss\/taschenbaumler-und-schluesselanhaenger\/","title":{"rendered":"Taschenbaumler und Schl\u00fcsselanh\u00e4nger"},"content":{"rendered":"\n<p>Diese Minis habe ich zu unterschiedlichen Anl\u00e4ssen geh\u00e4kelt.<\/p>\n\n\n\n<p>Seepferdchen<\/p>\n\n\n\n<p>M\u00f6we<\/p>\n\n\n\n<p>Otter Tarka<\/p>\n\n\n\n<div class=\"wp-block-columns is-layout-flex wp-container-4\">\n<div class=\"wp-block-column is-layout-flow\">\n<figure class=\"wp-block-image size-thumbnail\"><a href=\"https:\/\/www.elashaekeltraeume.de\/wrdprss\/wp-content\/uploads\/2024\/04\/IMG_3906-scaled-e1712135393677.jpg\" target=\"_blank\" rel=\"noreferrer noopener\"><img decoding=\"async\" loading=\"lazy\" width=\"150\" height=\"150\" src=\"https:\/\/www.elashaekeltraeume.de\/wrdprss\/wp-content\/uploads\/2024\/04\/IMG_3906-scaled-e1712135393677-150x150.jpg\" alt=\"\" class=\"wp-image-291\"\/><\/a><\/figure>\n<\/div>\n\n\n\n<div class=\"wp-block-column is-layout-flow\">\n<figure class=\"wp-block-image size-thumbnail\"><a href=\"https:\/\/www.elashaekeltraeume.de\/wrdprss\/wp-content\/uploads\/2024\/04\/IMG_5547-scaled-e1712135407806.jpg\" target=\"_blank\" rel=\"noreferrer noopener\"><img decoding=\"async\" loading=\"lazy\" width=\"150\" height=\"150\" src=\"https:\/\/www.elashaekeltraeume.de\/wrdprss\/wp-content\/uploads\/2024\/04\/IMG_5547-scaled-e1712135407806-150x150.jpg\" alt=\"\" class=\"wp-image-292\"\/><\/a><\/figure>\n<\/div>\n\n\n\n<div class=\"wp-block-column is-layout-flow\">\n<figure class=\"wp-block-image size-thumbnail\"><a href=\"https:\/\/www.elashaekeltraeume.de\/wrdprss\/wp-content\/uploads\/2024\/04\/IMG_6108-scaled-e1712135454468.jpg\" target=\"_blank\" rel=\"noreferrer noopener\"><img decoding=\"async\" loading=\"lazy\" width=\"150\" height=\"150\" src=\"https:\/\/www.elashaekeltraeume.de\/wrdprss\/wp-content\/uploads\/2024\/04\/IMG_6108-scaled-e1712135454468-150x150.jpg\" alt=\"\" class=\"wp-image-296\"\/><\/a><\/figure>\n<\/div>\n<\/div>\n","protected":false},"excerpt":{"rendered":"<p>Diese Minis habe ich zu unterschiedlichen Anl\u00e4ssen geh\u00e4kelt. Seepferdchen M\u00f6we Otter Tarka<\/p>\n","protected":false},"author":1,"featured_media":0,"parent":0,"menu_order":0,"comment_status":"closed","ping_status":"closed","template":"","meta":[],"_links":{"self":[{"href":"https:\/\/www.elashaekeltraeume.de\/wrdprss\/wp-json\/wp\/v2\/pages\/330"}],"collection":[{"href":"https:\/\/www.elashaekeltraeume.de\/wrdprss\/wp-json\/wp\/v2\/pages"}],"about":[{"href":"https:\/\/www.elashaekeltraeume.de\/wrdprss\/wp-json\/wp\/v2\/types\/page"}],"author":[{"embeddable":true,"href":"https:\/\/www.elashaekeltraeume.de\/wrdprss\/wp-json\/wp\/v2\/users\/1"}],"replies":[{"embeddable":true,"href":"https:\/\/www.elashaekeltraeume.de\/wrdprss\/wp-json\/wp\/v2\/comments?post=330"}],"version-history":[{"count":2,"href":"https:\/\/www.elashaekeltraeume.de\/wrdprss\/wp-json\/wp\/v2\/pages\/330\/revisions"}],"predecessor-version":[{"id":338,"href":"https:\/\/www.elashaekeltraeume.de\/wrdprss\/wp-json\/wp\/v2\/pages\/330\/revisions\/338"}],"wp:attachment":[{"href":"https:\/\/www.elashaekeltraeume.de\/wrdprss\/wp-json\/wp\/v2\/media?parent=330"}],"curies":[{"name":"wp","href":"https:\/\/api.w.org\/{rel}","templated":true}]}}