{"id":327,"date":"2024-04-03T09:31:58","date_gmt":"2024-04-03T09:31:58","guid":{"rendered":"https:\/\/www.elashaekeltraeume.de\/wrdprss\/?page_id=327"},"modified":"2024-04-03T09:41:52","modified_gmt":"2024-04-03T09:41:52","slug":"kraenze","status":"publish","type":"page","link":"https:\/\/www.elashaekeltraeume.de\/wrdprss\/kraenze\/","title":{"rendered":"Kr\u00e4nze"},"content":{"rendered":"\n<p>Die sch\u00f6nen Kr\u00e4nze sind als Tisch- oder T\u00fcrkranz m\u00f6glich.<\/p>\n\n\n\n<p>Sie enthalten einen Styrorporhalbring und werden mit 9mm Bobbiny Baumwollgarn umh\u00e4kelt.<\/p>\n\n\n\n<div class=\"wp-block-columns is-layout-flex wp-container-4\">\n<div class=\"wp-block-column is-layout-flow\">\n<figure class=\"wp-block-image size-thumbnail\"><a href=\"https:\/\/www.elashaekeltraeume.de\/wrdprss\/wp-content\/uploads\/2024\/04\/DSC06951-scaled.jpg\" target=\"_blank\" rel=\"noreferrer noopener\"><img decoding=\"async\" loading=\"lazy\" width=\"150\" height=\"150\" src=\"https:\/\/www.elashaekeltraeume.de\/wrdprss\/wp-content\/uploads\/2024\/04\/DSC06951-150x150.jpg\" alt=\"\" class=\"wp-image-311\"\/><\/a><\/figure>\n<\/div>\n\n\n\n<div class=\"wp-block-column is-layout-flow\">\n<figure class=\"wp-block-image size-thumbnail\"><a href=\"https:\/\/www.elashaekeltraeume.de\/wrdprss\/wp-content\/uploads\/2024\/04\/IMG_0919-scaled.jpg\" target=\"_blank\" rel=\"noreferrer noopener\"><img decoding=\"async\" loading=\"lazy\" width=\"150\" height=\"150\" src=\"https:\/\/www.elashaekeltraeume.de\/wrdprss\/wp-content\/uploads\/2024\/04\/IMG_0919-150x150.jpg\" alt=\"\" class=\"wp-image-312\"\/><\/a><\/figure>\n<\/div>\n\n\n\n<div class=\"wp-block-column is-layout-flow\">\n<figure class=\"wp-block-image size-thumbnail\"><a href=\"https:\/\/www.elashaekeltraeume.de\/wrdprss\/wp-content\/uploads\/2024\/04\/IMG_1186-scaled.jpg\" target=\"_blank\" rel=\"noreferrer noopener\"><img decoding=\"async\" loading=\"lazy\" width=\"150\" height=\"150\" src=\"https:\/\/www.elashaekeltraeume.de\/wrdprss\/wp-content\/uploads\/2024\/04\/IMG_1186-150x150.jpg\" alt=\"\" class=\"wp-image-313\"\/><\/a><\/figure>\n<\/div>\n<\/div>\n","protected":false},"excerpt":{"rendered":"<p>Die sch\u00f6nen Kr\u00e4nze sind als Tisch- oder T\u00fcrkranz m\u00f6glich. Sie enthalten einen Styrorporhalbring und werden mit 9mm Bobbiny Baumwollgarn umh\u00e4kelt.<\/p>\n","protected":false},"author":1,"featured_media":0,"parent":0,"menu_order":0,"comment_status":"closed","ping_status":"closed","template":"","meta":[],"_links":{"self":[{"href":"https:\/\/www.elashaekeltraeume.de\/wrdprss\/wp-json\/wp\/v2\/pages\/327"}],"collection":[{"href":"https:\/\/www.elashaekeltraeume.de\/wrdprss\/wp-json\/wp\/v2\/pages"}],"about":[{"href":"https:\/\/www.elashaekeltraeume.de\/wrdprss\/wp-json\/wp\/v2\/types\/page"}],"author":[{"embeddable":true,"href":"https:\/\/www.elashaekeltraeume.de\/wrdprss\/wp-json\/wp\/v2\/users\/1"}],"replies":[{"embeddable":true,"href":"https:\/\/www.elashaekeltraeume.de\/wrdprss\/wp-json\/wp\/v2\/comments?post=327"}],"version-history":[{"count":2,"href":"https:\/\/www.elashaekeltraeume.de\/wrdprss\/wp-json\/wp\/v2\/pages\/327\/revisions"}],"predecessor-version":[{"id":335,"href":"https:\/\/www.elashaekeltraeume.de\/wrdprss\/wp-json\/wp\/v2\/pages\/327\/revisions\/335"}],"wp:attachment":[{"href":"https:\/\/www.elashaekeltraeume.de\/wrdprss\/wp-json\/wp\/v2\/media?parent=327"}],"curies":[{"name":"wp","href":"https:\/\/api.w.org\/{rel}","templated":true}]}}