{"id":274,"date":"2024-04-03T07:06:31","date_gmt":"2024-04-03T07:06:31","guid":{"rendered":"https:\/\/www.elashaekeltraeume.de\/wrdprss\/?page_id=274"},"modified":"2024-04-03T09:42:50","modified_gmt":"2024-04-03T09:42:50","slug":"drachen-und-dinos","status":"publish","type":"page","link":"https:\/\/www.elashaekeltraeume.de\/wrdprss\/drachen-und-dinos\/","title":{"rendered":"Drachen und Dinos"},"content":{"rendered":"\n<p>Dennis, der Drache aus &#8222;Fantastische  H\u00e4kelfreunde- Einh\u00f6rner, Drachen und andere Fabelwesen&#8220;<\/p>\n\n\n\n<p>Rex, der Dinosaurier aus &#8222;Tierisch s\u00fc\u00dfe H\u00e4kelfreunde &#8211; Lieblingsamigurumis h\u00e4keln&#8220;<\/p>\n\n\n\n<p>Drache Spikey von Dinegurumi<\/p>\n\n\n\n<p>Roberta, das Einhornsaurusm\u00e4dchen aus &#8222;Fantastische  H\u00e4kelfreunde- Einh\u00f6rner, Drachen und andere Fabelwesen&#8220;<\/p>\n\n\n\n<p>Petra, das Pterydaktylusm\u00e4dchen aus &#8222;Tierisch s\u00fc\u00dfe H\u00e4kelfreunde &#8211; die Dinos kommen&#8220;<\/p>\n\n\n\n<div class=\"wp-block-columns is-layout-flex wp-container-6\">\n<div class=\"wp-block-column is-layout-flow\" style=\"flex-basis:100%\">\n<div class=\"wp-block-columns is-layout-flex wp-container-4\">\n<div class=\"wp-block-column is-layout-flow\">\n<figure class=\"wp-block-image size-thumbnail\"><a href=\"https:\/\/www.elashaekeltraeume.de\/wrdprss\/wp-content\/uploads\/2024\/04\/IMG_3190-scaled-e1712126906965.jpg\" target=\"_blank\" rel=\"noreferrer noopener\"><img decoding=\"async\" loading=\"lazy\" width=\"150\" height=\"150\" src=\"https:\/\/www.elashaekeltraeume.de\/wrdprss\/wp-content\/uploads\/2024\/04\/IMG_3190-scaled-e1712126906965-150x150.jpg\" alt=\"\" class=\"wp-image-275\"\/><\/a><\/figure>\n<\/div>\n\n\n\n<div class=\"wp-block-column is-layout-flow\">\n<figure class=\"wp-block-image size-thumbnail\"><a href=\"https:\/\/www.elashaekeltraeume.de\/wrdprss\/wp-content\/uploads\/2024\/04\/IMG_5291-scaled-e1712127599566.jpg\" target=\"_blank\" rel=\"noreferrer noopener\"><img decoding=\"async\" loading=\"lazy\" width=\"150\" height=\"150\" src=\"https:\/\/www.elashaekeltraeume.de\/wrdprss\/wp-content\/uploads\/2024\/04\/IMG_5291-scaled-e1712127599566-150x150.jpg\" alt=\"\" class=\"wp-image-278\"\/><\/a><\/figure>\n<\/div>\n\n\n\n<div class=\"wp-block-column is-layout-flow\">\n<figure class=\"wp-block-image size-thumbnail\"><a href=\"https:\/\/www.elashaekeltraeume.de\/wrdprss\/wp-content\/uploads\/2024\/04\/IMG_4395-scaled-e1712127585468.jpg\" target=\"_blank\" rel=\"noreferrer noopener\"><img decoding=\"async\" loading=\"lazy\" width=\"150\" height=\"150\" src=\"https:\/\/www.elashaekeltraeume.de\/wrdprss\/wp-content\/uploads\/2024\/04\/IMG_4395-scaled-e1712127585468-150x150.jpg\" alt=\"\" class=\"wp-image-277\"\/><\/a><\/figure>\n<\/div>\n<\/div>\n<\/div>\n<\/div>\n\n\n\n<div class=\"wp-block-columns is-layout-flex wp-container-10\">\n<div class=\"wp-block-column is-layout-flow\">\n<figure class=\"wp-block-image size-thumbnail\"><a href=\"https:\/\/www.elashaekeltraeume.de\/wrdprss\/wp-content\/uploads\/2024\/04\/IMG_3353-scaled-e1712127570530.jpg\" target=\"_blank\" rel=\"noreferrer noopener\"><img decoding=\"async\" loading=\"lazy\" width=\"150\" height=\"150\" src=\"https:\/\/www.elashaekeltraeume.de\/wrdprss\/wp-content\/uploads\/2024\/04\/IMG_3353-scaled-e1712127570530-150x150.jpg\" alt=\"\" class=\"wp-image-276\"\/><\/a><\/figure>\n<\/div>\n\n\n\n<div class=\"wp-block-column is-layout-flow\">\n<figure class=\"wp-block-image size-thumbnail\"><a href=\"https:\/\/www.elashaekeltraeume.de\/wrdprss\/wp-content\/uploads\/2024\/04\/IMG_5486-scaled-e1712127937838.jpg\" target=\"_blank\" rel=\"noreferrer noopener\"><img decoding=\"async\" loading=\"lazy\" width=\"150\" height=\"150\" src=\"https:\/\/www.elashaekeltraeume.de\/wrdprss\/wp-content\/uploads\/2024\/04\/IMG_5486-scaled-e1712127937838-150x150.jpg\" alt=\"\" class=\"wp-image-279\"\/><\/a><\/figure>\n<\/div>\n\n\n\n<div class=\"wp-block-column is-layout-flow\"><\/div>\n<\/div>\n","protected":false},"excerpt":{"rendered":"<p>Dennis, der Drache aus &#8222;Fantastische H\u00e4kelfreunde- Einh\u00f6rner, Drachen und andere Fabelwesen&#8220; Rex, der Dinosaurier aus &#8222;Tierisch s\u00fc\u00dfe H\u00e4kelfreunde &#8211; Lieblingsamigurumis h\u00e4keln&#8220; Drache Spikey von Dinegurumi Roberta, das Einhornsaurusm\u00e4dchen aus &#8222;Fantastische H\u00e4kelfreunde- Einh\u00f6rner, Drachen und andere Fabelwesen&#8220; Petra, das Pterydaktylusm\u00e4dchen aus &#8222;Tierisch s\u00fc\u00dfe H\u00e4kelfreunde &#8211; die Dinos kommen&#8220;<\/p>\n","protected":false},"author":1,"featured_media":0,"parent":0,"menu_order":0,"comment_status":"closed","ping_status":"closed","template":"","meta":[],"_links":{"self":[{"href":"https:\/\/www.elashaekeltraeume.de\/wrdprss\/wp-json\/wp\/v2\/pages\/274"}],"collection":[{"href":"https:\/\/www.elashaekeltraeume.de\/wrdprss\/wp-json\/wp\/v2\/pages"}],"about":[{"href":"https:\/\/www.elashaekeltraeume.de\/wrdprss\/wp-json\/wp\/v2\/types\/page"}],"author":[{"embeddable":true,"href":"https:\/\/www.elashaekeltraeume.de\/wrdprss\/wp-json\/wp\/v2\/users\/1"}],"replies":[{"embeddable":true,"href":"https:\/\/www.elashaekeltraeume.de\/wrdprss\/wp-json\/wp\/v2\/comments?post=274"}],"version-history":[{"count":6,"href":"https:\/\/www.elashaekeltraeume.de\/wrdprss\/wp-json\/wp\/v2\/pages\/274\/revisions"}],"predecessor-version":[{"id":336,"href":"https:\/\/www.elashaekeltraeume.de\/wrdprss\/wp-json\/wp\/v2\/pages\/274\/revisions\/336"}],"wp:attachment":[{"href":"https:\/\/www.elashaekeltraeume.de\/wrdprss\/wp-json\/wp\/v2\/media?parent=274"}],"curies":[{"name":"wp","href":"https:\/\/api.w.org\/{rel}","templated":true}]}}