{"id":127,"date":"2023-07-03T13:52:23","date_gmt":"2023-07-03T13:52:23","guid":{"rendered":"http:\/\/www.exklusiver-kloeppelschmuck.de\/wrdprss\/?page_id=127"},"modified":"2023-07-10T09:54:00","modified_gmt":"2023-07-10T09:54:00","slug":"pegasusi","status":"publish","type":"page","link":"https:\/\/www.elashaekeltraeume.de\/wrdprss\/pegasusi\/","title":{"rendered":"Pegasusi"},"content":{"rendered":"\n<p>Dieser h\u00fcbsche Pegasus entstand 2021 und zierte die Schult\u00fcte meiner Tochter. Er wurde nach einer Anleitung von Dinegurumi gefertigt, mit eigenen \u00c4nderungen an den Beinen.<\/p>\n\n\n\n<figure class=\"wp-block-image size-thumbnail\"><a href=\"https:\/\/www.elashaekeltraeume.de\/wrdprss\/wp-content\/uploads\/2023\/07\/IMG_3923-scaled-1-e1688982226178.jpg\" target=\"_blank\" rel=\"noreferrer noopener\"><img decoding=\"async\" loading=\"lazy\" width=\"150\" height=\"150\" src=\"https:\/\/www.elashaekeltraeume.de\/wrdprss\/wp-content\/uploads\/2023\/07\/IMG_3923-scaled-1-e1688982226178-150x150.jpg\" alt=\"\" class=\"wp-image-128\"\/><\/a><\/figure>\n","protected":false},"excerpt":{"rendered":"<p>Dieser h\u00fcbsche Pegasus entstand 2021 und zierte die Schult\u00fcte meiner Tochter. Er wurde nach einer Anleitung von Dinegurumi gefertigt, mit eigenen \u00c4nderungen an den Beinen.<\/p>\n","protected":false},"author":1,"featured_media":0,"parent":0,"menu_order":0,"comment_status":"closed","ping_status":"closed","template":"","meta":[],"_links":{"self":[{"href":"https:\/\/www.elashaekeltraeume.de\/wrdprss\/wp-json\/wp\/v2\/pages\/127"}],"collection":[{"href":"https:\/\/www.elashaekeltraeume.de\/wrdprss\/wp-json\/wp\/v2\/pages"}],"about":[{"href":"https:\/\/www.elashaekeltraeume.de\/wrdprss\/wp-json\/wp\/v2\/types\/page"}],"author":[{"embeddable":true,"href":"https:\/\/www.elashaekeltraeume.de\/wrdprss\/wp-json\/wp\/v2\/users\/1"}],"replies":[{"embeddable":true,"href":"https:\/\/www.elashaekeltraeume.de\/wrdprss\/wp-json\/wp\/v2\/comments?post=127"}],"version-history":[{"count":2,"href":"https:\/\/www.elashaekeltraeume.de\/wrdprss\/wp-json\/wp\/v2\/pages\/127\/revisions"}],"predecessor-version":[{"id":247,"href":"https:\/\/www.elashaekeltraeume.de\/wrdprss\/wp-json\/wp\/v2\/pages\/127\/revisions\/247"}],"wp:attachment":[{"href":"https:\/\/www.elashaekeltraeume.de\/wrdprss\/wp-json\/wp\/v2\/media?parent=127"}],"curies":[{"name":"wp","href":"https:\/\/api.w.org\/{rel}","templated":true}]}}