{"id":124,"date":"2023-07-03T13:48:25","date_gmt":"2023-07-03T13:48:25","guid":{"rendered":"http:\/\/www.exklusiver-kloeppelschmuck.de\/wrdprss\/?page_id=124"},"modified":"2023-07-10T09:53:19","modified_gmt":"2023-07-10T09:53:19","slug":"ohnezahn","status":"publish","type":"page","link":"https:\/\/www.elashaekeltraeume.de\/wrdprss\/ohnezahn\/","title":{"rendered":"Ohnezahn"},"content":{"rendered":"\n<p>Mit ihm hat 2020 alles begonnen. Darum ist er auch noch nicht so sch\u00f6n. Ohnezahn war meine erste H\u00e4kelarbeit seit Jahren und mein erstes Amigurumi und zierte die Schult\u00fcte meines Sohnes. Er liebt ihn immer noch.<\/p>\n\n\n\n<figure class=\"wp-block-image size-thumbnail\"><a href=\"https:\/\/www.elashaekeltraeume.de\/wrdprss\/wp-content\/uploads\/2023\/07\/IMG_2049-scaled-1-e1688982214610.jpg\" target=\"_blank\" rel=\"noreferrer noopener\"><img decoding=\"async\" loading=\"lazy\" width=\"150\" height=\"150\" src=\"https:\/\/www.elashaekeltraeume.de\/wrdprss\/wp-content\/uploads\/2023\/07\/IMG_2049-scaled-1-e1688982214610-150x150.jpg\" alt=\"\" class=\"wp-image-109\"\/><\/a><\/figure>\n","protected":false},"excerpt":{"rendered":"<p>Mit ihm hat 2020 alles begonnen. Darum ist er auch noch nicht so sch\u00f6n. Ohnezahn war meine erste H\u00e4kelarbeit seit Jahren und mein erstes Amigurumi und zierte die Schult\u00fcte meines Sohnes. Er liebt ihn immer noch.<\/p>\n","protected":false},"author":1,"featured_media":0,"parent":0,"menu_order":0,"comment_status":"closed","ping_status":"closed","template":"","meta":[],"_links":{"self":[{"href":"https:\/\/www.elashaekeltraeume.de\/wrdprss\/wp-json\/wp\/v2\/pages\/124"}],"collection":[{"href":"https:\/\/www.elashaekeltraeume.de\/wrdprss\/wp-json\/wp\/v2\/pages"}],"about":[{"href":"https:\/\/www.elashaekeltraeume.de\/wrdprss\/wp-json\/wp\/v2\/types\/page"}],"author":[{"embeddable":true,"href":"https:\/\/www.elashaekeltraeume.de\/wrdprss\/wp-json\/wp\/v2\/users\/1"}],"replies":[{"embeddable":true,"href":"https:\/\/www.elashaekeltraeume.de\/wrdprss\/wp-json\/wp\/v2\/comments?post=124"}],"version-history":[{"count":2,"href":"https:\/\/www.elashaekeltraeume.de\/wrdprss\/wp-json\/wp\/v2\/pages\/124\/revisions"}],"predecessor-version":[{"id":246,"href":"https:\/\/www.elashaekeltraeume.de\/wrdprss\/wp-json\/wp\/v2\/pages\/124\/revisions\/246"}],"wp:attachment":[{"href":"https:\/\/www.elashaekeltraeume.de\/wrdprss\/wp-json\/wp\/v2\/media?parent=124"}],"curies":[{"name":"wp","href":"https:\/\/api.w.org\/{rel}","templated":true}]}}