{"id":105,"date":"2023-07-03T13:15:19","date_gmt":"2023-07-03T13:15:19","guid":{"rendered":"http:\/\/www.exklusiver-kloeppelschmuck.de\/wrdprss\/?page_id=105"},"modified":"2023-07-03T13:15:19","modified_gmt":"2023-07-03T13:15:19","slug":"sonstige-haekelsachen","status":"publish","type":"page","link":"https:\/\/www.elashaekeltraeume.de\/wrdprss\/sonstige-haekelsachen\/","title":{"rendered":"sonstige H\u00e4kelsachen"},"content":{"rendered":"\n<p>Hier findet ihr alle meine sch\u00f6nen H\u00e4kelsachen, die im Laufe der Zeit entstanden sind. Sie sind nicht k\u00e4uflich zu erwerben.<\/p>\n","protected":false},"excerpt":{"rendered":"<p>Hier findet ihr alle meine sch\u00f6nen H\u00e4kelsachen, die im Laufe der Zeit entstanden sind. Sie sind nicht k\u00e4uflich zu erwerben.<\/p>\n","protected":false},"author":1,"featured_media":0,"parent":0,"menu_order":0,"comment_status":"closed","ping_status":"closed","template":"","meta":[],"_links":{"self":[{"href":"https:\/\/www.elashaekeltraeume.de\/wrdprss\/wp-json\/wp\/v2\/pages\/105"}],"collection":[{"href":"https:\/\/www.elashaekeltraeume.de\/wrdprss\/wp-json\/wp\/v2\/pages"}],"about":[{"href":"https:\/\/www.elashaekeltraeume.de\/wrdprss\/wp-json\/wp\/v2\/types\/page"}],"author":[{"embeddable":true,"href":"https:\/\/www.elashaekeltraeume.de\/wrdprss\/wp-json\/wp\/v2\/users\/1"}],"replies":[{"embeddable":true,"href":"https:\/\/www.elashaekeltraeume.de\/wrdprss\/wp-json\/wp\/v2\/comments?post=105"}],"version-history":[{"count":0,"href":"https:\/\/www.elashaekeltraeume.de\/wrdprss\/wp-json\/wp\/v2\/pages\/105\/revisions"}],"wp:attachment":[{"href":"https:\/\/www.elashaekeltraeume.de\/wrdprss\/wp-json\/wp\/v2\/media?parent=105"}],"curies":[{"name":"wp","href":"https:\/\/api.w.org\/{rel}","templated":true}]}}